{"id":2,"date":"2008-10-01T00:06:11","date_gmt":"2008-10-01T03:06:11","guid":{"rendered":"http:\/\/www.gnosisprimordial.com\/?page_id=2"},"modified":"2009-01-16T16:02:21","modified_gmt":"2009-01-16T19:02:21","slug":"informacion","status":"publish","type":"page","link":"https:\/\/www.gnosisprimordial.com\/?page_id=2","title":{"rendered":"Herrou Arag\u00f3n"},"content":{"rendered":"<p>Autor del libro \u00abLa Religi\u00f3n Prohibida\u00bb, la mejor introducci\u00f3n a la Gnosis Primordial. Aqu\u00ed encontrar\u00e1 una interpretaci\u00f3n aut\u00e9nticamente gn\u00f3stica sobre Dios, el mundo y el hombre.<\/p>\n<p>\u00abY el d\u00eda en que sea destruido todo lo que no sirve, el d\u00eda en que toda la creaci\u00f3n y su creador sean desintegrados, cuando no quede nada, ni un \u00e1tomo, ni un cuerpo, ni un alma, s\u00f3lo quedar\u00e1n los Esp\u00edritus, liberados para siempre. Ya no habr\u00e1 dualidad nunca m\u00e1s y el mundo volver\u00e1 a ser uno solo: Fuego Eterno Incognoscible.\u00bb ( <em>Afirmaci\u00f3n n\u00ba 11 <\/em>)<\/p>\n<p><strong>Art\u00edculos\u00a0de Herrou Arag\u00f3n<\/strong><\/p>\n<li><a title=\"Entrevista a Jos\u00e9 Herrou Arag\u00f3n\" href=\"https:\/\/www.gnosisprimordial.com\/?page_id=22\" target=\"_self\">Entrevista a Jos\u00e9 Herrou Arag\u00f3n<\/a><\/li>\n<li><a title=\"32 Afirmaciones Gn\u00f3sticas (extra\u00eddas de los 22 cap\u00edtulos del libro \u201cLa Religi\u00f3n Prohibida\u201d)\" href=\"https:\/\/www.gnosisprimordial.com\/?page_id=69\" target=\"_self\">32 Afirmaciones Gn\u00f3sticas (extra\u00eddas de los 22 cap\u00edtulos del libro \u201cLa Religi\u00f3n Prohibida\u201d)<\/a><\/li>\n<li><a title=\"Libro La Religi\u00f3n Prohibida para descargar y leer\u201d)\" href=\"https:\/\/www.gnosisprimordial.com\/?page_id=296\" target=\"_self\">Libro La Religi\u00f3n Prohibida para descargar y leer<\/a><\/li>\n<!-- AddThis Advanced Settings generic via filter on the_content -->\n<!-- AddThis Share Buttons generic via filter on the_content -->\n","protected":false},"excerpt":{"rendered":"<p>Autor del libro \u00abLa Religi\u00f3n Prohibida\u00bb, la mejor introducci\u00f3n a la Gnosis Primordial. Aqu\u00ed encontrar\u00e1 una interpretaci\u00f3n aut\u00e9nticamente gn\u00f3stica sobre Dios, el mundo y el&#8230;<\/p>\n<div class=\"more-link-wrapper\"><a class=\"more-link\" href=\"https:\/\/www.gnosisprimordial.com\/?page_id=2\">Seguir leyendo<span class=\"screen-reader-text\">Herrou Arag\u00f3n<\/span><\/a><\/div>\n<p><!-- AddThis Advanced Settings generic via filter on wp_trim_excerpt --><br \/>\n<!-- AddThis Share Buttons generic via filter on wp_trim_excerpt --><\/p>\n","protected":false},"author":426,"featured_media":0,"parent":0,"menu_order":0,"comment_status":"open","ping_status":"open","template":"","meta":{"footnotes":""},"class_list":["post-2","page","type-page","status-publish","hentry","entry"],"_links":{"self":[{"href":"https:\/\/www.gnosisprimordial.com\/index.php?rest_route=\/wp\/v2\/pages\/2","targetHints":{"allow":["GET"]}}],"collection":[{"href":"https:\/\/www.gnosisprimordial.com\/index.php?rest_route=\/wp\/v2\/pages"}],"about":[{"href":"https:\/\/www.gnosisprimordial.com\/index.php?rest_route=\/wp\/v2\/types\/page"}],"author":[{"embeddable":true,"href":"https:\/\/www.gnosisprimordial.com\/index.php?rest_route=\/wp\/v2\/users\/426"}],"replies":[{"embeddable":true,"href":"https:\/\/www.gnosisprimordial.com\/index.php?rest_route=%2Fwp%2Fv2%2Fcomments&post=2"}],"version-history":[{"count":6,"href":"https:\/\/www.gnosisprimordial.com\/index.php?rest_route=\/wp\/v2\/pages\/2\/revisions"}],"predecessor-version":[{"id":20,"href":"https:\/\/www.gnosisprimordial.com\/index.php?rest_route=\/wp\/v2\/pages\/2\/revisions\/20"}],"wp:attachment":[{"href":"https:\/\/www.gnosisprimordial.com\/index.php?rest_route=%2Fwp%2Fv2%2Fmedia&parent=2"}],"curies":[{"name":"wp","href":"https:\/\/api.w.org\/{rel}","templated":true}]}}