{"id":296,"date":"2009-01-15T15:26:07","date_gmt":"2009-01-15T18:26:07","guid":{"rendered":"http:\/\/www.gnosisprimordial.com\/?page_id=296"},"modified":"2025-08-26T17:08:48","modified_gmt":"2025-08-26T20:08:48","slug":"libro-la-religion-prohibida-para-descargar-y-leer","status":"publish","type":"page","link":"https:\/\/www.gnosisprimordial.com\/?page_id=296","title":{"rendered":"Libro La Religi\u00f3n Prohibida para descargar y leer"},"content":{"rendered":"<p>La mejor introducci\u00f3n a la Gnosis Primordial, escrito por Jos\u00e9 Mar\u00eda Herrou Arag\u00f3n. Haga click en el enlace que se encuentra a continuaci\u00f3n para descargar el libro \u00abLa Religi\u00f3n Prohibida\u00bb.<\/p>\n<p>Descargar <a href=\"https:\/\/profesoraragon.wixsite.com\/lareligionprohibida\">La Religi\u00f3n Prohibida<\/a><\/p>\n<p>Tambi\u00e9n puede visitar el sitio creado expresamente para dar a conocer el libro y la Gnosis Primordial.<\/p>\n<p><a href=\"https:\/\/profesoraragon.wixsite.com\/lareligionprohibida\">www.lareligionprohibida.com<\/a><\/p>\n<figure id=\"attachment_28\" aria-describedby=\"caption-attachment-28\" style=\"width: 500px\" class=\"wp-caption aligncenter\"><a href=\"https:\/\/www.gnosisprimordial.com\/wp-content\/uploads\/2008\/10\/herrouaragon.jpg\"><img loading=\"lazy\" decoding=\"async\" class=\"size-full wp-image-28\" title=\"Jos\u00e9 Herrou Arag\u00f3n, autor de La Religi\u00f3n Prohibida\" src=\"https:\/\/www.gnosisprimordial.com\/wp-content\/uploads\/2008\/10\/herrouaragon.jpg\" alt=\"Jos\u00e9 Herrou Arag\u00f3n, autor de La Religi\u00f3n Prohibida\" width=\"500\" height=\"365\" srcset=\"https:\/\/www.gnosisprimordial.com\/wp-content\/uploads\/2008\/10\/herrouaragon.jpg 500w, https:\/\/www.gnosisprimordial.com\/wp-content\/uploads\/2008\/10\/herrouaragon-300x219.jpg 300w\" sizes=\"auto, (max-width: 500px) 100vw, 500px\" \/><\/a><figcaption id=\"caption-attachment-28\" class=\"wp-caption-text\">Jos\u00e9 Herrou Arag\u00f3n, autor de La Religi\u00f3n Prohibida<\/figcaption><\/figure>\n<!-- AddThis Advanced Settings generic via filter on the_content -->\n<!-- AddThis Share Buttons generic via filter on the_content -->\n","protected":false},"excerpt":{"rendered":"<p>La mejor introducci\u00f3n a la Gnosis Primordial, escrito por Jos\u00e9 Mar\u00eda Herrou Arag\u00f3n. Haga click en el enlace que se encuentra a continuaci\u00f3n para descargar&#8230;<\/p>\n<div class=\"more-link-wrapper\"><a class=\"more-link\" href=\"https:\/\/www.gnosisprimordial.com\/?page_id=296\">Seguir leyendo<span class=\"screen-reader-text\">Libro La Religi\u00f3n Prohibida para descargar y leer<\/span><\/a><\/div>\n<p><!-- AddThis Advanced Settings generic via filter on wp_trim_excerpt --><br \/>\n<!-- AddThis Share Buttons generic via filter on wp_trim_excerpt --><\/p>\n","protected":false},"author":426,"featured_media":0,"parent":2,"menu_order":3,"comment_status":"open","ping_status":"open","template":"","meta":{"footnotes":""},"class_list":["post-296","page","type-page","status-publish","hentry","entry"],"_links":{"self":[{"href":"https:\/\/www.gnosisprimordial.com\/index.php?rest_route=\/wp\/v2\/pages\/296","targetHints":{"allow":["GET"]}}],"collection":[{"href":"https:\/\/www.gnosisprimordial.com\/index.php?rest_route=\/wp\/v2\/pages"}],"about":[{"href":"https:\/\/www.gnosisprimordial.com\/index.php?rest_route=\/wp\/v2\/types\/page"}],"author":[{"embeddable":true,"href":"https:\/\/www.gnosisprimordial.com\/index.php?rest_route=\/wp\/v2\/users\/426"}],"replies":[{"embeddable":true,"href":"https:\/\/www.gnosisprimordial.com\/index.php?rest_route=%2Fwp%2Fv2%2Fcomments&post=296"}],"version-history":[{"count":10,"href":"https:\/\/www.gnosisprimordial.com\/index.php?rest_route=\/wp\/v2\/pages\/296\/revisions"}],"predecessor-version":[{"id":3384,"href":"https:\/\/www.gnosisprimordial.com\/index.php?rest_route=\/wp\/v2\/pages\/296\/revisions\/3384"}],"up":[{"embeddable":true,"href":"https:\/\/www.gnosisprimordial.com\/index.php?rest_route=\/wp\/v2\/pages\/2"}],"wp:attachment":[{"href":"https:\/\/www.gnosisprimordial.com\/index.php?rest_route=%2Fwp%2Fv2%2Fmedia&parent=296"}],"curies":[{"name":"wp","href":"https:\/\/api.w.org\/{rel}","templated":true}]}}