{"id":69,"date":"2008-10-02T11:03:10","date_gmt":"2008-10-02T14:03:10","guid":{"rendered":"http:\/\/www.gnosisprimordial.com\/?page_id=69"},"modified":"2008-10-02T11:03:10","modified_gmt":"2008-10-02T14:03:10","slug":"32-afirmaciones-gnosticas-extraidas-de-los-22-capitulos-del-libro-la-religion-prohibida","status":"publish","type":"page","link":"https:\/\/www.gnosisprimordial.com\/?page_id=69","title":{"rendered":"32 Afirmaciones Gn\u00f3sticas (extra\u00eddas de los 22 cap\u00edtulos del libro \u00abLa Religi\u00f3n Prohibida\u00bb)"},"content":{"rendered":"<p><strong>1<\/strong>&#8211; Jehov\u00e1 no quiere que el hombre conozca su origen y su alto destino. Le ha prohibido todo contacto con el mundo superior. Quiere que el hombre lo refleje a \u00e9l, al creador y no al Dios Supremo.<\/p>\n<p><strong>2<\/strong>&#8211; As\u00ed como el creador maldijo a la Serpiente cuando esta ech\u00f3 a perder sus planes y le arruin\u00f3 su obra, as\u00ed debe ser maldecido el creador por cada hombre que haya despertado. As\u00ed como el creador maldijo a la Serpiente de la Salvaci\u00f3n, as\u00ed ser\u00e1 maldecido el creador mientras exista, por cada Esp\u00edritu liberado de sus garras.<\/p>\n<p><strong>3<\/strong>&#8211; \u00a1Es la energ\u00eda divina del Esp\u00edritu prisionero lo que impuls\u00f3 e impulsa la evoluci\u00f3n del animal-hombre!<\/p>\n<p><strong>4<\/strong>&#8211; Los Gn\u00f3sticos no quieren esperar miles de millones de a\u00f1os. Los Gn\u00f3sticos quieren liberarse ahora, cuanto antes. Y no solo liberarse. Pretenden adem\u00e1s terminar con todo este sistema sat\u00e1nico, con las respiraciones del demiurgo, con sus planes demenciales, con el tormento de los Esp\u00edritus prisioneros, con las creaciones y destrucciones sucesivas, con las muertes y reencarnaciones, con todo lo creado, con todo lo impuro y con el demiurgo tambi\u00e9n.<\/p>\n<p><strong>5<\/strong>&#8211; Lo peor que puede hacerse con la Verdad es prohibirla. Se producir\u00e1 el efecto contrario: surgir\u00e1 con mayor fuerza y violencia.<\/p>\n<p><strong>6<\/strong>&#8211; Para eso es el miedo y para eso la conspiraci\u00f3n: para que nadie pueda hallar nunca el Camino de la Liberaci\u00f3n y del Retorno.<\/p>\n<p><strong>7<\/strong>&#8211; La finalidad de estas religiones es mantener al hombre adormecido, conduci\u00e9ndolo a ciegas hacia el matadero final: su fusi\u00f3n con el demiurgo.<\/p>\n<p><strong>8<\/strong>&#8211; Si pudieran soportar su visi\u00f3n sin morir, s\u00f3lo ver\u00edan una oscuridad sin nombre, porque estar\u00edan viendo la Luz Verdadera.<\/p>\n<p><strong>9<\/strong>&#8211; Los Guerreros del Esp\u00edritu aborrecen la materia. Son destructores, s\u00ed, pero destructores de lo impuro.<\/p>\n<p><strong>10<\/strong>&#8211; S\u00f3lo se destruir\u00eda lo absurdo, lo enfermo, lo que aprisiona al Esp\u00edritu, el ata\u00fad que lo envuelve: el cuerpo y el alma del animal equivocadamente llamado hombre.<\/p>\n<p><strong>11<\/strong>&#8211; Y el d\u00eda en que sea destruido todo lo que no sirve, el d\u00eda en que toda la creaci\u00f3n y su creador sean desintegrados, cuando no quede nada, ni un \u00e1tomo, ni un cuerpo, ni un alma, s\u00f3lo quedar\u00e1n los Esp\u00edritus, liberados para siempre. Ya no habr\u00e1 dualidad nunca m\u00e1s y el mundo volver\u00e1 a ser uno solo: Fuego Eterno Incognoscible.<\/p>\n<p><strong>12<\/strong>&#8211; Los Gn\u00f3sticos concluyen que si esas leyes son las del demiurgo, pueden y deben ser desobedecidas.<\/p>\n<p><strong>13<\/strong>&#8211; Todo lo que el creador declare, todo lo que ordene, todo lo que exija debe ser desobedecido, porque ese no es el Dios Verdadero sino un impostor que se cree \u201cel \u00danico\u201d.<\/p>\n<p><strong>14<\/strong>&#8211; Con su oposici\u00f3n permanente, el Gn\u00f3stico paulatinamente va adquiriendo un poder igual y luego superior al del dios creador.<\/p>\n<p><strong>15<\/strong>&#8211; Lo que ocurre es que hay algo en el hombre que no ha sido creado por el dios creador: el Esp\u00edritu Eterno.<\/p>\n<p><strong>16<\/strong>&#8211; Toda rebeli\u00f3n proviene del Esp\u00edritu. Es lo increado en el hombre lo que aborrece y se opone al satan\u00e1s creador y a su obra.<\/p>\n<p><strong>17<\/strong>&#8211; El dios creador existe, pero debe ser eliminado por el hombre.<\/p>\n<p><strong>18<\/strong>&#8211; La dualidad de mundos debe ser eliminada por el hombre. Habr\u00e1 entonces un solo reino: el del Dios Incognoscible.<\/p>\n<p><strong>19<\/strong>&#8211; La mayor\u00eda no quiere conocer la verdad: que habitan un gigantesco manicomio ideado y controlado por el Loco Supremo.<\/p>\n<p><strong>20<\/strong>&#8211; Su cuerpo y su alma impuros, han sido divinizados por el Esp\u00edritu y ya no pertenecen al demiurgo. Su cuerpo, alma y Esp\u00edritu se han convertido en una sola cosa: indestructible, inmortal y eterna.<\/p>\n<p><strong>21<\/strong>&#8211; El camino de la mano derecha, hacia el demiurgo, a trav\u00e9s del perfeccionamiento del alma, o el Camino de la Mano Izquierda, hacia el Incognoscible, a trav\u00e9s de la liberaci\u00f3n del Esp\u00edritu.<\/p>\n<p><strong>22<\/strong>&#8211; El verdadero kaivalya comprende inevitablemente la separaci\u00f3n total y absoluta con el demiurgo mismo.<\/p>\n<p><strong>23<\/strong>&#8211; Es esta la hostilidad natural del Esp\u00edritu hacia el demiurgo y su obra. Si el Esp\u00edritu sintiera amor hacia el demiurgo y su creaci\u00f3n, no ser\u00eda un Esp\u00edritu, ser\u00eda un alma. El alma es amor puro (al demiurgo y su obra). El Esp\u00edritu es odio puro (al demiurgo y su obra).<\/p>\n<p><strong>24<\/strong>&#8211; Es bueno recordar que, aunque perseguida y negada, existe tambi\u00e9n la liberaci\u00f3n y realizaci\u00f3n del Esp\u00edritu.<\/p>\n<p><strong>25<\/strong>&#8211; El iniciado reconoce al Dios Incognoscible, rechaza la autoridad del dios creador y sus mandamientos, y declara que ha sido liberado para siempre del poder del demiurgo.<\/p>\n<p><strong>26<\/strong>&#8211; A trav\u00e9s de la iniciaci\u00f3n, el iniciado ha cambiado radicalmente su relaci\u00f3n con el dios creador. Se ha separado del demiurgo y de toda la creaci\u00f3n. Se ha separado de su cuerpo y de su alma. Ha quedado fuera de las leyes que rigen el mundo de la materia y del tiempo. Ha quedado fuera de todo, menos de su Esp\u00edritu.<\/p>\n<p><strong>27<\/strong>&#8211; \u201cQuiero separarme del dios creador y de su creaci\u00f3n, quiero separarme de la materia y del tiempo, quiero separarme de mi cuerpo y de mi alma, quiero unirme a mi Esp\u00edritu, quiero que se libere mi Esp\u00edritu, quiero ser mi Esp\u00edritu, yo soy mi Esp\u00edritu\u201d.<\/p>\n<p><strong>28<\/strong>&#8211; Originalmente impuros, de materia demi\u00fargica y perecedera, el cuerpo y el alma ser\u00e1n transmutados por el Esp\u00edritu en materia divina y eterna: el vajra indestructible. El barro y el aliento del demiurgo se volver\u00e1n as\u00ed puros y gloriosos. Formar\u00e1n con el Esp\u00edritu una sola entidad, inseparable e indisoluble por toda la eternidad.<\/p>\n<p><strong>29<\/strong>&#8211; El Esp\u00edritu triunfante ha arrebatado al demiurgo parte de su creaci\u00f3n, un cuerpo y un alma, y los ha transformado en materia divina sobre la que aquel ya no tiene control. \u00a1Por el poder del Esp\u00edritu lo creado se ha transmutado en increado!<\/p>\n<p><strong>30<\/strong>&#8211; Ha llegado la hora de la venganza del Esp\u00edritu.<\/p>\n<p><strong>31<\/strong>&#8211; El cuerpo y el alma, divinizados e incorporados por el Esp\u00edritu, ser\u00e1n el trofeo que ostentar\u00e1 eternamente como recuerdo de su paso triunfante por el mundo perverso de la materia creada.<\/p>\n<p><strong>32<\/strong>&#8211; As\u00ed, habr\u00e1 desaparecido toda dualidad y el mundo volver\u00e1 a ser uno solo: el Reino Eterno del Dios Verdadero e Incognoscible.<\/p>\n<p><strong>Autor<\/strong>: Jos\u00e9 Herrou Arag\u00f3n<\/p>\n<p>Texto tomado del sitio de internet <a title=\"La Religi\u00f3n Prohibida\" href=\"http:\/\/www.lareligionprohibida.com\/\" target=\"_blank\">La Religi\u00f3n Prohibida<\/a>.<\/p>\n<!-- AddThis Advanced Settings generic via filter on the_content -->\n<!-- AddThis Share Buttons generic via filter on the_content -->\n","protected":false},"excerpt":{"rendered":"<p>1&#8211; Jehov\u00e1 no quiere que el hombre conozca su origen y su alto destino. Le ha prohibido todo contacto con el mundo superior. Quiere que&#8230;<\/p>\n<div class=\"more-link-wrapper\"><a class=\"more-link\" href=\"https:\/\/www.gnosisprimordial.com\/?page_id=69\">Seguir leyendo<span class=\"screen-reader-text\">32 Afirmaciones Gn\u00f3sticas (extra\u00eddas de los 22 cap\u00edtulos del libro \u00abLa Religi\u00f3n Prohibida\u00bb)<\/span><\/a><\/div>\n<p><!-- AddThis Advanced Settings generic via filter on wp_trim_excerpt --><br \/>\n<!-- AddThis Share Buttons generic via filter on wp_trim_excerpt --><\/p>\n","protected":false},"author":426,"featured_media":0,"parent":2,"menu_order":0,"comment_status":"open","ping_status":"open","template":"","meta":{"footnotes":""},"class_list":["post-69","page","type-page","status-publish","hentry","entry"],"_links":{"self":[{"href":"https:\/\/www.gnosisprimordial.com\/index.php?rest_route=\/wp\/v2\/pages\/69","targetHints":{"allow":["GET"]}}],"collection":[{"href":"https:\/\/www.gnosisprimordial.com\/index.php?rest_route=\/wp\/v2\/pages"}],"about":[{"href":"https:\/\/www.gnosisprimordial.com\/index.php?rest_route=\/wp\/v2\/types\/page"}],"author":[{"embeddable":true,"href":"https:\/\/www.gnosisprimordial.com\/index.php?rest_route=\/wp\/v2\/users\/426"}],"replies":[{"embeddable":true,"href":"https:\/\/www.gnosisprimordial.com\/index.php?rest_route=%2Fwp%2Fv2%2Fcomments&post=69"}],"version-history":[{"count":1,"href":"https:\/\/www.gnosisprimordial.com\/index.php?rest_route=\/wp\/v2\/pages\/69\/revisions"}],"predecessor-version":[{"id":70,"href":"https:\/\/www.gnosisprimordial.com\/index.php?rest_route=\/wp\/v2\/pages\/69\/revisions\/70"}],"up":[{"embeddable":true,"href":"https:\/\/www.gnosisprimordial.com\/index.php?rest_route=\/wp\/v2\/pages\/2"}],"wp:attachment":[{"href":"https:\/\/www.gnosisprimordial.com\/index.php?rest_route=%2Fwp%2Fv2%2Fmedia&parent=69"}],"curies":[{"name":"wp","href":"https:\/\/api.w.org\/{rel}","templated":true}]}}